{"id":515,"date":"2021-12-03T14:29:59","date_gmt":"2021-12-03T14:29:59","guid":{"rendered":"https:\/\/nikformer.ch\/?page_id=515"},"modified":"2021-12-09T16:50:32","modified_gmt":"2021-12-09T16:50:32","slug":"infos","status":"publish","type":"page","link":"https:\/\/nikformer.ch\/index.php\/infos\/","title":{"rendered":"Details"},"content":{"rendered":"\n<div style=\"height:50px\" aria-hidden=\"true\" class=\"wp-block-spacer\"><\/div>\n\n\n\n<figure class=\"wp-block-image size-large is-style-rounded\"><img loading=\"lazy\" decoding=\"async\" width=\"1024\" height=\"576\" src=\"https:\/\/nikformer.ch\/wp-content\/uploads\/2021\/12\/Reich1-1024x576.jpg\" alt=\"\" class=\"wp-image-562\" srcset=\"https:\/\/nikformer.ch\/wp-content\/uploads\/2021\/12\/Reich1-1024x576.jpg 1024w, https:\/\/nikformer.ch\/wp-content\/uploads\/2021\/12\/Reich1-300x169.jpg 300w, https:\/\/nikformer.ch\/wp-content\/uploads\/2021\/12\/Reich1-768x432.jpg 768w, https:\/\/nikformer.ch\/wp-content\/uploads\/2021\/12\/Reich1-1536x864.jpg 1536w, https:\/\/nikformer.ch\/wp-content\/uploads\/2021\/12\/Reich1-2048x1152.jpg 2048w\" sizes=\"auto, (max-width: 1024px) 100vw, 1024px\" \/><figcaption>Ursprung 2021<\/figcaption><\/figure>\n\n\n\n<div style=\"height:50px\" aria-hidden=\"true\" class=\"wp-block-spacer\"><\/div>\n\n\n\n<p class=\"has-text-align-left\">Geformt wird im \u00e4ussersten Zipfel des Emmentals im Kanton Bern. Aktuell auf luxuri\u00f6sen sechzehn ungeheizten Quadratmetern. Eine etwas komfortablere Werkstatt wird sich noch finden.<\/p>\n\n\n\n<p class=\"has-text-align-right\">Die Verwendung von Altholz und\/oder Bohlen geringerer Holzqualit\u00e4ten liefert wundersch\u00f6ne Risse und chaotische Zeichnungen. Die Restholzfeuchte formt beim kompletten Austrockenen in den Innenr\u00e4umen die Produkte weiter und zeichnet sie zus\u00e4tzlich mit der Zeit.<\/p>\n\n\n\n<p class=\"has-text-align-left\">Behandelte Produkte sind je nach Verwendungszweck Lebensmittelecht oder Speichel-\/Schweissecht (DIN53160) ausgef\u00fchrt. Hier kommen Produkte von Livos oder stinknormales Lein\u00f6l zum Einsatz.<\/p>\n\n\n\n<p class=\"has-text-align-right\">Garantie auf die Formen kann ich nur in dem Sinne geben, dass alle Produkte mit der Zeit ihr Wesen ver\u00e4ndern. Bei Bedarf wird nachgeformt oder es entsteht wieder was neues.<br>Bis bald! Nik<\/p>\n\n\n\n<div style=\"height:50px\" aria-hidden=\"true\" class=\"wp-block-spacer\"><\/div>\n\n\n\n<div class=\"wp-block-image is-style-default\"><figure class=\"aligncenter is-resized\"><img decoding=\"async\" src=\"https:\/\/nikformer.ch\/wp-content\/uploads\/2021\/12\/Logo-2.png\" alt=\"\" class=\"wp-image-578\" width=\"300\" srcset=\"https:\/\/nikformer.ch\/wp-content\/uploads\/2021\/12\/Logo-2.png 1129w, https:\/\/nikformer.ch\/wp-content\/uploads\/2021\/12\/Logo-2-300x125.png 300w, https:\/\/nikformer.ch\/wp-content\/uploads\/2021\/12\/Logo-2-1024x427.png 1024w, https:\/\/nikformer.ch\/wp-content\/uploads\/2021\/12\/Logo-2-768x320.png 768w\" sizes=\"(max-width: 1129px) 100vw, 1129px\" \/><\/figure><\/div>\n\n\n\n<div style=\"height:50px\" aria-hidden=\"true\" class=\"wp-block-spacer\"><\/div>\n\n\n\n<div class=\"wp-block-image is-style-rounded\"><figure class=\"aligncenter size-large is-resized\"><img loading=\"lazy\" decoding=\"async\" src=\"https:\/\/nikformer.ch\/wp-content\/uploads\/2021\/12\/Nik-1024x1024.jpg\" alt=\"\" class=\"wp-image-565\" width=\"256\" height=\"256\" srcset=\"https:\/\/nikformer.ch\/wp-content\/uploads\/2021\/12\/Nik-1024x1024.jpg 1024w, https:\/\/nikformer.ch\/wp-content\/uploads\/2021\/12\/Nik-300x300.jpg 300w, https:\/\/nikformer.ch\/wp-content\/uploads\/2021\/12\/Nik-150x150.jpg 150w, https:\/\/nikformer.ch\/wp-content\/uploads\/2021\/12\/Nik-768x768.jpg 768w, https:\/\/nikformer.ch\/wp-content\/uploads\/2021\/12\/Nik-1536x1536.jpg 1536w, https:\/\/nikformer.ch\/wp-content\/uploads\/2021\/12\/Nik-2048x2048.jpg 2048w\" sizes=\"auto, (max-width: 256px) 100vw, 256px\" \/><figcaption>NikFormer 2021<\/figcaption><\/figure><\/div>\n\n\n\n<div style=\"height:50px\" aria-hidden=\"true\" class=\"wp-block-spacer\"><\/div>\n","protected":false},"excerpt":{"rendered":"<p>Geformt wird im \u00e4ussersten Zipfel des Emmentals im Kanton Bern. Aktuell auf luxuri\u00f6sen sechzehn ungeheizten Quadratmetern. Eine etwas komfortablere Werkstatt [&hellip;]<\/p>\n","protected":false},"author":1,"featured_media":0,"parent":0,"menu_order":0,"comment_status":"closed","ping_status":"closed","template":"","meta":{"footnotes":""},"class_list":["post-515","page","type-page","status-publish","hentry"],"_links":{"self":[{"href":"https:\/\/nikformer.ch\/index.php\/wp-json\/wp\/v2\/pages\/515","targetHints":{"allow":["GET"]}}],"collection":[{"href":"https:\/\/nikformer.ch\/index.php\/wp-json\/wp\/v2\/pages"}],"about":[{"href":"https:\/\/nikformer.ch\/index.php\/wp-json\/wp\/v2\/types\/page"}],"author":[{"embeddable":true,"href":"https:\/\/nikformer.ch\/index.php\/wp-json\/wp\/v2\/users\/1"}],"replies":[{"embeddable":true,"href":"https:\/\/nikformer.ch\/index.php\/wp-json\/wp\/v2\/comments?post=515"}],"version-history":[{"count":18,"href":"https:\/\/nikformer.ch\/index.php\/wp-json\/wp\/v2\/pages\/515\/revisions"}],"predecessor-version":[{"id":684,"href":"https:\/\/nikformer.ch\/index.php\/wp-json\/wp\/v2\/pages\/515\/revisions\/684"}],"wp:attachment":[{"href":"https:\/\/nikformer.ch\/index.php\/wp-json\/wp\/v2\/media?parent=515"}],"curies":[{"name":"wp","href":"https:\/\/api.w.org\/{rel}","templated":true}]}}