{"id":384,"date":"2021-12-01T08:47:49","date_gmt":"2021-12-01T08:47:49","guid":{"rendered":"https:\/\/nikformer.ch\/?page_id=384"},"modified":"2021-12-10T17:14:51","modified_gmt":"2021-12-10T17:14:51","slug":"angebot","status":"publish","type":"page","link":"https:\/\/nikformer.ch\/index.php\/angebot\/","title":{"rendered":"Engagement"},"content":{"rendered":"\n<div style=\"height:50px\" aria-hidden=\"true\" class=\"wp-block-spacer\"><\/div>\n\n\n\n<p class=\"has-text-align-left\">Weder Schreiner noch Drechsler noch Zimmermann. Ich bin als Elektroniker und M\u00e4n\u00e4tscher \u00fcber die Freizeit und die Passion zur kreativen L\u00f6sungsfindung zum Holz gekommen. Mit viel Freude an den M\u00f6glichkeiten &#8211; immer ausgehend vom verf\u00fcgbaren Material &#8211; lasse ich Dinge entstehen. Das Ausgangsmaterial und der Weg mit den vorhandenen M\u00f6glichkeiten und Maschinen bestimmt am Schluss das Produkt. Einen genauen Plan ignoriere ich wenn immer m\u00f6glich. Scheitern und Probleme durch unbedachte Problemstellungen in der Umsetzung geh\u00f6ren dazu &#8211; mit viel Kreativit\u00e4t entstehen an diesem Punkt die spannendsten Dinge.<\/p>\n\n\n\n<p class=\"has-text-align-left\">Am liebsten verwende ich altes, gebrauchtes Holz und Bauteile, welche in neue Form und Funktion gebracht, Freude und Nutzen bringen. Wenn bei dir Holz oder etwas Holziges vorhanden ist (kaputt, rissig, alt, staubig, gruusig und dr\u00e4ckig, nass oder einfach \u00fcberfl\u00fcssig) dann haben ich &#8211; oder wir gemeinsam &#8211; sicher eine spannende Idee damit. <\/p>\n\n\n\n<div class=\"wp-block-buttons is-content-justification-left is-layout-flex wp-block-buttons-is-layout-flex\">\n<div class=\"wp-block-button\"><a class=\"wp-block-button__link has-background\" href=\"mailto:info@nikformer.ch?subject=Nik, ich hab was f\u00fcr Dich!\" style=\"background-color:#785030\">Nik, ich hab was f\u00fcr Dich!<\/a><\/div>\n<\/div>\n\n\n\n<div style=\"height:75px\" aria-hidden=\"true\" class=\"wp-block-spacer\"><\/div>\n\n\n\n<p class=\"has-text-align-right\">Die heutige globalisierte Welt wirft uns Hightech f\u00fcr jede erdenkliche Anwendung 7x24h von irgendwo hinterher. NikFormer l\u00e4sst Dinge entstehen welche eine Geschichte zu erz\u00e4hlen haben. Sch\u00f6n wenn wir gemeinsam einen Wunsch von dir realisieren k\u00f6nnen. Je ungenauer deine Vorstellung um so besser! Wenn du die Herausforderung annimmst, realisieren wir ihn gemeinsam. Ich bin sicher, dass dir das Endprodukt lang erhalten bleibt und ans Herz wachsen wird.<\/p>\n\n\n\n<div class=\"wp-block-buttons is-content-justification-right is-layout-flex wp-block-buttons-is-layout-flex\">\n<div class=\"wp-block-button\"><a class=\"wp-block-button__link has-background\" href=\"mailto:info@nikformer.ch?subject=Nik, ich m\u00f6chte was formen!\" style=\"background-color:#15a6bf\">Nik, ich m\u00f6chte etwas formen!<\/a><\/div>\n<\/div>\n\n\n\n<div style=\"height:75px\" aria-hidden=\"true\" class=\"wp-block-spacer\"><\/div>\n\n\n\n<p class=\"has-text-align-left\">Und etwas Feedback tut in der digitalen Welt immer gut. Wenn du mutig bist dr\u00fcck einen Knopf (keine Angst &#8211;  keine Spy-\/Ransomware und auch kein Phishing-Versuch).<\/p>\n\n\n\n<div class=\"wp-block-buttons is-content-justification-left is-layout-flex wp-block-buttons-is-layout-flex\">\n<div class=\"wp-block-button\"><a class=\"wp-block-button__link\" href=\"mailto:info@nikformer.ch?subject=Nik, bisch \u00e4 geile Siech gib Gas!\">+<\/a><\/div>\n\n\n\n<div class=\"wp-block-button\"><a class=\"wp-block-button__link\" href=\"mailto:info@nikformer.ch?subject=Nik, ig ha do no \u00e4 Vorschlag:\">?<\/a><\/div>\n\n\n\n<div class=\"wp-block-button\"><a class=\"wp-block-button__link\" href=\"mailto:info@nikformer.ch?subject=Nik, ig bruuche grad n\u00fct und ha ou grad ke Wunsch - aber ig chume de wider mou cho luege\">!<\/a><\/div>\n\n\n\n<div class=\"wp-block-button\"><a class=\"wp-block-button__link\" href=\"mailto:info@nikformer.ch?subject=Nik: ... !?\">\u00e4be<\/a><\/div>\n<\/div>\n","protected":false},"excerpt":{"rendered":"<p>Weder Schreiner noch Drechsler noch Zimmermann. Ich bin als Elektroniker und M\u00e4n\u00e4tscher \u00fcber die Freizeit und die Passion zur kreativen [&hellip;]<\/p>\n","protected":false},"author":1,"featured_media":0,"parent":0,"menu_order":0,"comment_status":"closed","ping_status":"closed","template":"","meta":{"footnotes":""},"class_list":["post-384","page","type-page","status-publish","hentry"],"_links":{"self":[{"href":"https:\/\/nikformer.ch\/index.php\/wp-json\/wp\/v2\/pages\/384","targetHints":{"allow":["GET"]}}],"collection":[{"href":"https:\/\/nikformer.ch\/index.php\/wp-json\/wp\/v2\/pages"}],"about":[{"href":"https:\/\/nikformer.ch\/index.php\/wp-json\/wp\/v2\/types\/page"}],"author":[{"embeddable":true,"href":"https:\/\/nikformer.ch\/index.php\/wp-json\/wp\/v2\/users\/1"}],"replies":[{"embeddable":true,"href":"https:\/\/nikformer.ch\/index.php\/wp-json\/wp\/v2\/comments?post=384"}],"version-history":[{"count":29,"href":"https:\/\/nikformer.ch\/index.php\/wp-json\/wp\/v2\/pages\/384\/revisions"}],"predecessor-version":[{"id":704,"href":"https:\/\/nikformer.ch\/index.php\/wp-json\/wp\/v2\/pages\/384\/revisions\/704"}],"wp:attachment":[{"href":"https:\/\/nikformer.ch\/index.php\/wp-json\/wp\/v2\/media?parent=384"}],"curies":[{"name":"wp","href":"https:\/\/api.w.org\/{rel}","templated":true}]}}