{"id":1087,"date":"2023-11-26T09:06:49","date_gmt":"2023-11-26T09:06:49","guid":{"rendered":"https:\/\/nikformer.ch\/?page_id=1087"},"modified":"2023-11-26T09:39:11","modified_gmt":"2023-11-26T09:39:11","slug":"datenschutz","status":"publish","type":"page","link":"https:\/\/nikformer.ch\/index.php\/datenschutz\/","title":{"rendered":"Datenschutz"},"content":{"rendered":"\n<div style=\"height:50px\" aria-hidden=\"true\" class=\"wp-block-spacer\"><\/div>\n\n\n\n<p>Der Onlineauftritt kann Cookies verwenden.<\/p>\n\n\n\n<p>Cookies k\u00f6nnen im Browser tempor\u00e4r als \u00abSession Cookies\u00bb oder f\u00fcr einen bestimmten Zeitraum als sogenannte permanente Cookies gespeichert werden.<\/p>\n\n\n\n<p>Cookies k\u00f6nnen in den Browser-Einstellungen jederzeit ganz oder teilweise deaktiviert sowie gel\u00f6scht werden. <\/p>\n\n\n\n<p>F\u00fcr jeden Zugriff auf die Website k\u00f6nnen nachfolgende Angaben erfasst und gespeichert werden, sofern diese von deinem Browser \u00fcbermittelt. Das Speichern solcher Angaben, die auch Personendaten darstellen k\u00f6nnen ist erforderlich, um die Website dauerhaft, nutzerfreundlich und zuverl\u00e4ssig bereitstellen sowie um die Datensicherheit und damit insbesondere den Schutz von Personendaten sicherstellen zu k\u00f6nnen.<\/p>\n\n\n\n<ul class=\"wp-block-list\">\n<li>Datum und Zeit einschliesslich Zeitzone, Internet Protocol (IP)-Adresse, Zugriffsstatus (HTTP-Statuscode)<\/li>\n\n\n\n<li>Betriebssystem einschliesslich Benutzeroberfl\u00e4che und Version<\/li>\n\n\n\n<li>Browser einschliesslich Sprache und Version<\/li>\n\n\n\n<li>aufgerufene einzelne Unter-Seite unserer Website einschliesslich \u00fcbertragener Datenmenge<\/li>\n<\/ul>\n\n\n\n<p>Das Hosting der WebSite ist bei metanet.ch.<\/p>\n\n\n\n<p>Falls du NikFormer per eMail kontaktierst, werden alle Informationen selbstverst\u00e4ndtlich vertraulich behandelt und nicht an dritte weitergegeben. NikFormer hat alleinigen Zugriff auf die eMail-Box.<\/p>\n\n\n\n<p>Auftr\u00e4ge, Produkte und Rechnungen werden mit swiss21.org administriert. Auch hier hat NikFormer alleinigen Zugriff auf die Inhalte (Kunden-\/ und Produktdaten).<\/p>\n\n\n\n<p>Q4\/2023, Nikformer<\/p>\n\n\n\n<p><\/p>\n","protected":false},"excerpt":{"rendered":"<p>Der Onlineauftritt kann Cookies verwenden. Cookies k\u00f6nnen im Browser tempor\u00e4r als \u00abSession Cookies\u00bb oder f\u00fcr einen bestimmten Zeitraum als sogenannte [&hellip;]<\/p>\n","protected":false},"author":1,"featured_media":0,"parent":0,"menu_order":0,"comment_status":"closed","ping_status":"closed","template":"","meta":{"footnotes":""},"class_list":["post-1087","page","type-page","status-publish","hentry"],"_links":{"self":[{"href":"https:\/\/nikformer.ch\/index.php\/wp-json\/wp\/v2\/pages\/1087","targetHints":{"allow":["GET"]}}],"collection":[{"href":"https:\/\/nikformer.ch\/index.php\/wp-json\/wp\/v2\/pages"}],"about":[{"href":"https:\/\/nikformer.ch\/index.php\/wp-json\/wp\/v2\/types\/page"}],"author":[{"embeddable":true,"href":"https:\/\/nikformer.ch\/index.php\/wp-json\/wp\/v2\/users\/1"}],"replies":[{"embeddable":true,"href":"https:\/\/nikformer.ch\/index.php\/wp-json\/wp\/v2\/comments?post=1087"}],"version-history":[{"count":6,"href":"https:\/\/nikformer.ch\/index.php\/wp-json\/wp\/v2\/pages\/1087\/revisions"}],"predecessor-version":[{"id":1098,"href":"https:\/\/nikformer.ch\/index.php\/wp-json\/wp\/v2\/pages\/1087\/revisions\/1098"}],"wp:attachment":[{"href":"https:\/\/nikformer.ch\/index.php\/wp-json\/wp\/v2\/media?parent=1087"}],"curies":[{"name":"wp","href":"https:\/\/api.w.org\/{rel}","templated":true}]}}